{"id":7435,"date":"2021-01-19T06:15:38","date_gmt":"2021-01-19T06:15:38","guid":{"rendered":"https:\/\/ninetheme.com\/themes\/wixi\/?page_id=7435"},"modified":"2021-08-27T16:16:05","modified_gmt":"2021-08-27T16:16:05","slug":"home-6-personal-portfolio","status":"publish","type":"page","link":"https:\/\/portfolio.djordjejanjic.rs\/","title":{"rendered":"Home #6 &#8211; Personal Portfolio"},"content":{"rendered":"\t\t<div data-elementor-type=\"wp-page\" data-elementor-id=\"7435\" class=\"elementor elementor-7435\" data-elementor-settings=\"[]\">\n\t\t\t\t\t\t\t<div class=\"elementor-section-wrap\">\n\t\t\t\t\t\t\t<section data-wixi-parallax=\"{&quot;type&quot;:&quot;scroll&quot;,&quot;speed&quot;:&quot;0.6&quot;,&quot;imgsize&quot;:&quot;auto&quot;,&quot;imgsrc&quot;:&quot;https:\/\/ninetheme.com\/themes\/wixi\/wp-content\/uploads\/2021\/01\/theme-images-51-scaled-e1610959101543.jpg&quot;,&quot;mobile&quot;:&quot;&quot;}\" class=\"elementor-section elementor-top-section elementor-element elementor-element-9fba3be elementor-section-full_width elementor-section-height-min-height wixi-parallax jarallax parallax-yes elementor-section-items-top elementor-section-content-middle elementor-reverse-mobile elementor-section-height-default\" data-id=\"9fba3be\" data-element_type=\"section\" id=\"home\" data-settings=\"{&quot;background_background&quot;:&quot;classic&quot;}\">\n\t\t\t\t\t\t<div class=\"elementor-container elementor-column-gap-no\">\n\t\t\t\t\t<div class=\"elementor-column elementor-col-50 elementor-top-column elementor-element elementor-element-1765636\" data-id=\"1765636\" data-element_type=\"column\" data-settings=\"{&quot;background_background&quot;:&quot;classic&quot;}\">\n\t\t\t<div class=\"elementor-widget-wrap elementor-element-populated\">\n\t\t\t\t\t\t\t\t<div class=\"elementor-element elementor-element-8e1e7ff wixi-transform transform-type-translate elementor-widget elementor-widget-heading\" data-id=\"8e1e7ff\" data-element_type=\"widget\" data-widget_type=\"heading.default\">\n\t\t\t\t<div class=\"elementor-widget-container\">\n\t\t\t<span class=\"elementor-heading-title elementor-size-default\">\u201cPhotography is the story I fail to put into words.\u201d<\/span>\t\t<\/div>\n\t\t\t\t<\/div>\n\t\t\t\t<div class=\"elementor-element elementor-element-9c7f7a5 wixi-transform transform-type-translate elementor-widget elementor-widget-heading\" data-id=\"9c7f7a5\" data-element_type=\"widget\" data-widget_type=\"heading.default\">\n\t\t\t\t<div class=\"elementor-widget-container\">\n\t\t\t<h2 class=\"elementor-heading-title elementor-size-default\">\u0110OR\u0110E JANJI\u0106 PHOTOGRAPHY<\/h2>\t\t<\/div>\n\t\t\t\t<\/div>\n\t\t\t\t<div class=\"elementor-element elementor-element-5ba5b3e wixi-transform transform-type-translate elementor-widget elementor-widget-heading\" data-id=\"5ba5b3e\" data-element_type=\"widget\" data-widget_type=\"heading.default\">\n\t\t\t\t<div class=\"elementor-widget-container\">\n\t\t\t<p class=\"elementor-heading-title elementor-size-default\">Kontaktiraj me i ovekove\u010di svoje najlep\u0161e trenutke na profesionalan na\u010din!<\/p>\t\t<\/div>\n\t\t\t\t<\/div>\n\t\t\t\t<div class=\"elementor-element elementor-element-e27e511 elementor-icon-list--layout-inline elementor-list-item-link-full_width elementor-widget elementor-widget-icon-list\" data-id=\"e27e511\" data-element_type=\"widget\" data-widget_type=\"icon-list.default\">\n\t\t\t\t<div class=\"elementor-widget-container\">\n\t\t\t\t\t<ul class=\"elementor-icon-list-items elementor-inline-items\">\n\t\t\t\t\t\t\t<li class=\"elementor-icon-list-item elementor-inline-item\">\n\t\t\t\t\t\t\t\t\t\t\t<a href=\"https:\/\/www.instagram.com\/_djordjejanjic\/\">\n\n\t\t\t\t\t\t\t\t\t\t\t\t<span class=\"elementor-icon-list-icon\">\n\t\t\t\t\t\t\t<i aria-hidden=\"true\" class=\"fab fa-instagram\"><\/i>\t\t\t\t\t\t<\/span>\n\t\t\t\t\t\t\t\t\t\t<span class=\"elementor-icon-list-text\">instagram<\/span>\n\t\t\t\t\t\t\t\t\t\t\t<\/a>\n\t\t\t\t\t\t\t\t\t<\/li>\n\t\t\t\t\t\t<\/ul>\n\t\t\t\t<\/div>\n\t\t\t\t<\/div>\n\t\t\t\t<section class=\"elementor-section elementor-inner-section elementor-element elementor-element-33fe421 elementor-section-full_width elementor-section-height-default elementor-section-height-default\" data-id=\"33fe421\" data-element_type=\"section\">\n\t\t\t\t\t\t<div class=\"elementor-container elementor-column-gap-no\">\n\t\t\t\t\t<div class=\"elementor-column elementor-col-100 elementor-inner-column elementor-element elementor-element-35c0c8b\" data-id=\"35c0c8b\" data-element_type=\"column\">\n\t\t\t<div class=\"elementor-widget-wrap elementor-element-populated\">\n\t\t\t\t\t\t\t\t<div class=\"elementor-element elementor-element-ee9f927 elementor-widget__width-auto elementor-widget elementor-widget-wixi-button\" data-id=\"ee9f927\" data-element_type=\"widget\" data-widget_type=\"wixi-button.default\">\n\t\t\t\t<div class=\"elementor-widget-container\">\n\t\t\t<div class=\"wixi-button\"><a class=\"wixi-btn button-slide c-black\" href=\"#contact\"><span class=\"button_text\">Kontakt <\/span><\/a><\/div>\t\t<\/div>\n\t\t\t\t<\/div>\n\t\t\t\t<div class=\"elementor-element elementor-element-ed15a1d elementor-widget__width-auto elementor-widget elementor-widget-wixi-button\" data-id=\"ed15a1d\" data-element_type=\"widget\" data-widget_type=\"wixi-button.default\">\n\t\t\t\t<div class=\"elementor-widget-container\">\n\t\t\t<div class=\"wixi-button\"><a class=\"wixi-btn button-slide c-black\" href=\"#projects\"><span class=\"button_text\">Portfolio <\/span><\/a><\/div>\t\t<\/div>\n\t\t\t\t<\/div>\n\t\t\t\t\t<\/div>\n\t\t<\/div>\n\t\t\t\t\t\t\t<\/div>\n\t\t<\/section>\n\t\t\t\t\t<\/div>\n\t\t<\/div>\n\t\t\t\t<div class=\"elementor-column elementor-col-50 elementor-top-column elementor-element elementor-element-64fbe9d\" data-id=\"64fbe9d\" data-element_type=\"column\" data-settings=\"{&quot;background_background&quot;:&quot;classic&quot;}\">\n\t\t\t<div class=\"elementor-widget-wrap\">\n\t\t\t\t\t\t\t\t\t<\/div>\n\t\t<\/div>\n\t\t\t\t\t\t\t<\/div>\n\t\t<\/section>\n\t\t\t\t<section class=\"elementor-section elementor-top-section elementor-element elementor-element-ea1cc5f elementor-section-content-middle nt-section section-padding elementor-section-boxed elementor-section-height-default elementor-section-height-default\" data-id=\"ea1cc5f\" data-element_type=\"section\" id=\"projects\" data-settings=\"{&quot;background_background&quot;:&quot;classic&quot;}\">\n\t\t\t\t\t\t<div class=\"elementor-container elementor-column-gap-default\">\n\t\t\t\t\t<div class=\"elementor-column elementor-col-50 elementor-top-column elementor-element elementor-element-610788f\" data-id=\"610788f\" data-element_type=\"column\">\n\t\t\t<div class=\"elementor-widget-wrap elementor-element-populated\">\n\t\t\t\t\t\t\t\t<div class=\"elementor-element elementor-element-d4d68c6 elementor-widget elementor-widget-wixi-projects-slider\" data-id=\"d4d68c6\" data-element_type=\"widget\" data-settings=\"{&quot;_animation&quot;:&quot;none&quot;}\" data-widget_type=\"wixi-projects-slider.default\">\n\t\t\t\t<div class=\"elementor-widget-container\">\n\t\t\t<div class=\"project-carousel metro\" data-slider-settings='{\"nav\":true,\"progress\":false,\"autoplay\":true,\"loop\":true,\"speed\":1000,\"mdperview\":1,\"smperview\":1,\"xsperview\":1}'><div class=\"swiper-container\"><div class=\"swiper-wrapper\"><div class=\"swiper-slide\"><div class=\"content\"><div class=\"img\"><span class=\"imgover\"><span class=\"wow imgoverlay\" data-delay=\"100\"><\/span><img decoding=\"async\" src=\"https:\/\/portfolio.djordjejanjic.rs\/wp-content\/uploads\/2021\/01\/personal-img-2-scaled-e1610958874366.jpg\" alt=\"\"><\/span><\/div><div class=\"cont-inner\"><h6 class=\"projects-post-cats\"><a href=\"https:\/\/portfolio.djordjejanjic.rs\/index.php\/projects_cat\/art\/\" title=\"Art\">Art<\/a> & <a href=\"https:\/\/portfolio.djordjejanjic.rs\/index.php\/projects_cat\/illustration\/\" title=\"illustration\">illustration<\/a><\/h6><h4 class=\"projects-post-title\"><a href=\"https:\/\/portfolio.djordjejanjic.rs\/index.php\/projects\/innovation-and-crafts\/\" title=\"Innovation and Crafts\">Innovation and Crafts<\/a><\/h4><\/div><\/div><\/div><div class=\"swiper-slide\"><div class=\"content\"><div class=\"img\"><span class=\"imgover\"><span class=\"wow imgoverlay\" data-delay=\"200\"><\/span><img decoding=\"async\" src=\"https:\/\/portfolio.djordjejanjic.rs\/wp-content\/uploads\/2021\/01\/personal-img-1-scaled-e1610958927362.jpg\" alt=\"\"><\/span><\/div><div class=\"cont-inner\"><h6 class=\"projects-post-cats\"><a href=\"https:\/\/portfolio.djordjejanjic.rs\/index.php\/projects_cat\/work\/\" title=\"Work\">Work<\/a><\/h6><h4 class=\"projects-post-title\"><a href=\"https:\/\/portfolio.djordjejanjic.rs\/index.php\/projects\/abstract\/\" title=\"Abstract\">Abstract<\/a><\/h4><\/div><\/div><\/div><div class=\"swiper-slide\"><div class=\"content\"><div class=\"img\"><span class=\"imgover\"><span class=\"wow imgoverlay\" data-delay=\"300\"><\/span><img decoding=\"async\" src=\"https:\/\/portfolio.djordjejanjic.rs\/wp-content\/uploads\/2021\/01\/personal-img-4-scaled-e1610867246137.jpg\" alt=\"\"><\/span><\/div><div class=\"cont-inner\"><h6 class=\"projects-post-cats\"><a href=\"https:\/\/portfolio.djordjejanjic.rs\/index.php\/projects_cat\/branding\/\" title=\"Branding\">Branding<\/a> & <a href=\"https:\/\/portfolio.djordjejanjic.rs\/index.php\/projects_cat\/work\/\" title=\"Work\">Work<\/a><\/h6><h4 class=\"projects-post-title\"><a href=\"https:\/\/portfolio.djordjejanjic.rs\/index.php\/projects\/calligraphy\/\" title=\"Calligraphy\">Calligraphy<\/a><\/h4><\/div><\/div><\/div><div class=\"swiper-slide\"><div class=\"content\"><div class=\"img\"><span class=\"imgover\"><span class=\"wow imgoverlay\" data-delay=\"400\"><\/span><img decoding=\"async\" src=\"https:\/\/portfolio.djordjejanjic.rs\/wp-content\/uploads\/2021\/01\/black-portfolio-img-7.jpg\" alt=\"\"><\/span><\/div><div class=\"cont-inner\"><h6 class=\"projects-post-cats\"><a href=\"https:\/\/portfolio.djordjejanjic.rs\/index.php\/projects_cat\/black-portfolio\/\" title=\"Black Portfolio\">Black Portfolio<\/a><\/h6><h4 class=\"projects-post-title\"><a href=\"https:\/\/portfolio.djordjejanjic.rs\/index.php\/projects\/black-photography-2\/\" title=\"Black Photography #2\">Black Photography #2<\/a><\/h4><\/div><\/div><\/div><\/div><div class=\"swiper-button-next swiper-nav-ctrl next-ctrl\"><i class=\"ion-ios-arrow-right\"><\/i><\/div>\n                            <div class=\"swiper-button-prev swiper-nav-ctrl prev-ctrl\"><i class=\"ion-ios-arrow-left\"><\/i><\/div><\/div>\n                <\/div>\t\t<\/div>\n\t\t\t\t<\/div>\n\t\t\t\t\t<\/div>\n\t\t<\/div>\n\t\t\t\t<div class=\"elementor-column elementor-col-50 elementor-top-column elementor-element elementor-element-f4638b6\" data-id=\"f4638b6\" data-element_type=\"column\">\n\t\t\t<div class=\"elementor-widget-wrap elementor-element-populated\">\n\t\t\t\t\t\t\t\t<div class=\"elementor-element elementor-element-10b46b7 elementor-widget elementor-widget-wixi-animated-headline\" data-id=\"10b46b7\" data-element_type=\"widget\" data-widget_type=\"wixi-animated-headline.default\">\n\t\t\t\t<div class=\"elementor-widget-container\">\n\t\t\t<div class=\"animated_headline_wrapper\"><h2 class=\"headline rotate-1\"><span class=\"typed_before\">Ovekove\u010di svoje najlep\u0161e<\/span>&nbsp;<span class=\"words-wrapper\"><b class=\"is-visible\">trenutke<\/b><\/span> <\/h2><\/div>\t\t<\/div>\n\t\t\t\t<\/div>\n\t\t\t\t<div data-split-settings=\"{&quot;type&quot;:&quot;words&quot;,&quot;animation&quot;:&quot;slideInDown&quot;}\" class=\"elementor-element elementor-element-95a162f wixi-headig-split heading-has-split-yes wixi-transform transform-type-translate elementor-widget elementor-widget-heading\" data-id=\"95a162f\" data-element_type=\"widget\" data-widget_type=\"heading.default\">\n\t\t\t\t<div class=\"elementor-widget-container\">\n\t\t\t<h3 class=\"elementor-heading-title elementor-size-default\">Portfolio<\/h3>\t\t<\/div>\n\t\t\t\t<\/div>\n\t\t\t\t<div class=\"elementor-element elementor-element-adafcfb wixi-transform transform-type-translate elementor-widget elementor-widget-heading\" data-id=\"adafcfb\" data-element_type=\"widget\" data-widget_type=\"heading.default\">\n\t\t\t\t<div class=\"elementor-widget-container\">\n\t\t\t<p class=\"elementor-heading-title elementor-size-default\">Bez obzira da li je u pitanju sport, priprema za maturu, apsolventsko ili devoja\u010dko ve\u010de, ro\u0111endan, i sli\u010dni doga\u0111aji, neki momenti se moraju zabele\u017eiti i sa\u010duvati u vidu digitalnih fotografija, na koje se uvek mo\u017eete vra\u0107ati i prise\u0107ati tog magi\u010dnog dana.<br><br>Od mene \u0107ete dobiti profesionalan pristup i izgled fotografija, a nadam se da o tome dovoljno govori i portfolio portretnih i sportskih fotografija na ovom sajtu. Radujem se uzajamnoj saradnji!<\/p>\t\t<\/div>\n\t\t\t\t<\/div>\n\t\t\t\t<div class=\"elementor-element elementor-element-c87bd5a elementor-widget__width-auto elementor-widget elementor-widget-wixi-button\" data-id=\"c87bd5a\" data-element_type=\"widget\" data-widget_type=\"wixi-button.default\">\n\t\t\t\t<div class=\"elementor-widget-container\">\n\t\t\t<div class=\"wixi-button\"><a class=\"wixi-btn button-slide c-black\" href=\"#projects\"><span class=\"button_text\">PROJEKTI <\/span><\/a><\/div>\t\t<\/div>\n\t\t\t\t<\/div>\n\t\t\t\t\t<\/div>\n\t\t<\/div>\n\t\t\t\t\t\t\t<\/div>\n\t\t<\/section>\n\t\t\t\t<section class=\"elementor-section elementor-top-section elementor-element elementor-element-68f26c0 elementor-section-content-middle nt-section section-padding elementor-section-boxed elementor-section-height-default elementor-section-height-default\" data-id=\"68f26c0\" data-element_type=\"section\" id=\"contact\" data-settings=\"{&quot;background_background&quot;:&quot;classic&quot;}\">\n\t\t\t\t\t\t<div class=\"elementor-container elementor-column-gap-no\">\n\t\t\t\t\t<div class=\"elementor-column elementor-col-100 elementor-top-column elementor-element elementor-element-2fd042b\" data-id=\"2fd042b\" data-element_type=\"column\">\n\t\t\t<div class=\"elementor-widget-wrap elementor-element-populated\">\n\t\t\t\t\t\t\t\t<div data-split-settings=\"{&quot;type&quot;:&quot;chars&quot;,&quot;animation&quot;:&quot;slideIn&quot;}\" class=\"elementor-element elementor-element-7661a26 wixi-headig-split heading-has-split-yes wixi-transform transform-type-translate elementor-widget elementor-widget-heading\" data-id=\"7661a26\" data-element_type=\"widget\" data-widget_type=\"heading.default\">\n\t\t\t\t<div class=\"elementor-widget-container\">\n\t\t\t<h2 class=\"elementor-heading-title elementor-size-default\">Kontaktirajte me za vi\u0161e informacija<\/h2>\t\t<\/div>\n\t\t\t\t<\/div>\n\t\t\t\t<div class=\"elementor-element elementor-element-2341306 elementor-widget__width-initial wixi-transform transform-type-translate elementor-widget elementor-widget-heading\" data-id=\"2341306\" data-element_type=\"widget\" data-widget_type=\"heading.default\">\n\t\t\t\t<div class=\"elementor-widget-container\">\n\t\t\t<p class=\"elementor-heading-title elementor-size-default\">Za sve dodatne informacije, kao i cenu, koja zavisi od tipa doga\u0111aja i broja sati, kontaktirajte me putem kontakt forme ili privatne poruke na Instagramu, a ja \u0107u Vam odgovoriti u najkra\u0107em mogu\u0107em roku!<\/p>\t\t<\/div>\n\t\t\t\t<\/div>\n\t\t\t\t<div class=\"elementor-element elementor-element-679fbd3 elementor-widget elementor-widget-wixi-button\" data-id=\"679fbd3\" data-element_type=\"widget\" data-widget_type=\"wixi-button.default\">\n\t\t\t\t<div class=\"elementor-widget-container\">\n\t\t\t<div class=\"wixi-button\"><a class=\"wixi-btn button-slide c-white\" href=\"#contact\"><span class=\"button_text\">Kontakt <\/span><\/a><\/div>\t\t<\/div>\n\t\t\t\t<\/div>\n\t\t\t\t\t<\/div>\n\t\t<\/div>\n\t\t\t\t\t\t\t<\/div>\n\t\t<\/section>\n\t\t\t\t\t\t<\/div>\n\t\t\t\t\t<\/div>\n\t\t","protected":false},"excerpt":{"rendered":"<p>\u201cPhotography is the story I fail to put into words.\u201d \u0110OR\u0110E JANJI\u0106 PHOTOGRAPHY Kontaktiraj me i ovekove\u010di svoje najlep\u0161e trenutke na profesionalan na\u010din! instagram Kontakt Portfolio Art &#038; illustration Innovation and Crafts Work Abstract Branding &#038; Work Calligraphy Black Portfolio Black Photography #2 Ovekove\u010di svoje najlep\u0161e&nbsp;trenutke Portfolio Bez obzira da li je u pitanju sport,&#8230;<\/p>\n","protected":false},"author":1,"featured_media":0,"parent":0,"menu_order":0,"comment_status":"closed","ping_status":"closed","template":"","meta":{"footnotes":""},"class_list":["post-7435","page","type-page","status-publish","hentry","nt-post-class",""],"_links":{"self":[{"href":"https:\/\/portfolio.djordjejanjic.rs\/index.php\/wp-json\/wp\/v2\/pages\/7435","targetHints":{"allow":["GET"]}}],"collection":[{"href":"https:\/\/portfolio.djordjejanjic.rs\/index.php\/wp-json\/wp\/v2\/pages"}],"about":[{"href":"https:\/\/portfolio.djordjejanjic.rs\/index.php\/wp-json\/wp\/v2\/types\/page"}],"author":[{"embeddable":true,"href":"https:\/\/portfolio.djordjejanjic.rs\/index.php\/wp-json\/wp\/v2\/users\/1"}],"replies":[{"embeddable":true,"href":"https:\/\/portfolio.djordjejanjic.rs\/index.php\/wp-json\/wp\/v2\/comments?post=7435"}],"version-history":[{"count":67,"href":"https:\/\/portfolio.djordjejanjic.rs\/index.php\/wp-json\/wp\/v2\/pages\/7435\/revisions"}],"predecessor-version":[{"id":8226,"href":"https:\/\/portfolio.djordjejanjic.rs\/index.php\/wp-json\/wp\/v2\/pages\/7435\/revisions\/8226"}],"wp:attachment":[{"href":"https:\/\/portfolio.djordjejanjic.rs\/index.php\/wp-json\/wp\/v2\/media?parent=7435"}],"curies":[{"name":"wp","href":"https:\/\/api.w.org\/{rel}","templated":true}]}}